{"id":430,"date":"2023-08-21T21:22:32","date_gmt":"2023-08-21T21:22:32","guid":{"rendered":"http:\/\/localhost:8888\/politica-privacidad\/"},"modified":"2023-09-09T00:06:27","modified_gmt":"2023-09-09T00:06:27","slug":"politica-privacidad","status":"publish","type":"page","link":"https:\/\/iscam.com\/en\/politica-privacidad\/","title":{"rendered":"Terms &amp; Conditions"},"content":{"rendered":"\n<p>El presente aviso de privacidad regula la forma en que manejaremos los datos que nos proporciones y aquellos que, con fines estad\u00edsticos, recabemos cuando ingreses y utilices nuestros sitios. <br>www.iscam.com es un sitio de Consejeros Comerciales, S.A de C.V.<\/p>\n\n\n\n<h2 class=\"wp-block-heading\">1. De tus datos<\/h2>\n\n\n\n<p>\u201cISCAM\u201d se compromete a no vender, intercambiar, transferir, compartir, publicar o difundir a terceros ajenos a \u201cISCAM\u201d, sin tu autorizaci\u00f3n, los datos que nos proporciones mediante los formularios de registro o de contacto de nuestro sitio. Tus datos son tuyos. La \u00fanica forma en que nos ver\u00edamos obligados a revelar tus datos es mediante la orden de una autoridad competente.<\/p>\n\n\n\n<h2 class=\"wp-block-heading\">2. De tu autorizaci\u00f3n<\/h2>\n\n\n\n<p>Al registrarte para utilizar nuestros sitios, autorizas a \u201cConsejeros Comerciales\u201d a recabar y tratar tus datos personales para los fines mencionados en el punto 4 de este aviso de privacidad. As\u00ed mismo, tu registro constituye tu conformidad y aceptaci\u00f3n de nuestro aviso de privacidad y las modificaciones que eventualmente pueda llegar a tener.<\/p>\n\n\n\n<h2 class=\"wp-block-heading\">3. Del acceso, rectificaci\u00f3n, cancelaci\u00f3n y oposici\u00f3n<\/h2>\n\n\n\n<p>En todo momento, mediante el acceso a tu cuenta, podr\u00e1s acceder, rectificar o cancelar el registro de los datos que nos has proporcionado. De la misma forma, podr\u00e1s oponerte a que tus datos contin\u00faen en nuestra base y darte de baja de la misma. Si tienes alguna duda o no puedes acceder a tu cuenta o tus datos, por favor env\u00eda un correo electr\u00f3nico a soporte.tecnico@iscam.com o env\u00eda una carta a Consejeros Comerciales, S.A. de C.V. Privada 16 de Septiembre No. 2137, San Jer\u00f3nimo Chicahualco, C.P. 52170,Metepec Estado de M\u00e9xico, en atenci\u00f3n al Departamento de Soporte T\u00e9cnico.<\/p>\n\n\n\n<p><\/p>\n\n\n\n<h2 class=\"wp-block-heading\">4. Del uso de tu informaci\u00f3n por parte de ISCAM<\/h2>\n\n\n\n<p>La informaci\u00f3n personal que nos proporciones ser\u00e1 utilizada \u00fanicamente para efectos de contactarte sobre cuestiones relacionadas con tu cuenta o hacerte llegar comunicaciones sobre eventos, promociones o noticias de \u201cISCAM\u201d o sus aliados comerciales.<\/p>\n\n\n\n<h2 class=\"wp-block-heading\">5. De la informaci\u00f3n que recolectamos<\/h2>\n\n\n\n<p>Nuestro sitio, adem\u00e1s de la informaci\u00f3n que t\u00fa mismo nos proporcionas, recolecta informaci\u00f3n como direcci\u00f3n IP, tipo de navegador, tiempo de duraci\u00f3n de tu visita a nuestro sitio, veces que visitas nuestro sitio, preferencias de configuraci\u00f3n, p\u00e1ginas visitadas en nuestro sitio etc. Dicha informaci\u00f3n la utilizamos para fines estad\u00edsticos y de mejora en la calidad en el servicio. Al igual que tu informaci\u00f3n personal, los datos mencionados en este punto est\u00e1n a salvo con nosotros.<\/p>\n\n\n\n<h2 class=\"wp-block-heading\">6. Cookies<\/h2>\n\n\n\n<p>Si lo autorizas y la configuraci\u00f3n de tu m\u00e1quina nos lo permite, enviaremos un archivo llamado \u201ccookie\u201d que se instalar\u00e1 en tu disco duro para permitirnos identificar las preferencias que hayas seleccionado, en su caso, para mejorar tu experiencia en nuestro sitio. Ninguna de la informaci\u00f3n que se almacene en el \u201ccookie\u201d ser\u00e1 divulgada por \u201cISCAM\u201d. Entre otros datos que puede almacenar la \u201ccookie\u201d se encuentran tu nombre, usuario, domicilio, etc. Ninguno de ellos ser\u00e1 divulgado de conformidad con la presente pol\u00edtica de privacidad.<\/p>\n\n\n\n<h2 class=\"wp-block-heading\">7. Activaci\u00f3n de cuenta<\/h2>\n\n\n\n<p>Por cuestiones de seguridad, al aceptar la presente pol\u00edtica de privacidad te ser\u00e1 enviado un correo de verificaci\u00f3n y validaci\u00f3n que deber\u00e1s de confirmar para concluir tu aceptaci\u00f3n y registro.<\/p>\n\n\n\n<h2 class=\"wp-block-heading\">8. Garant\u00eda de seguridad<\/h2>\n\n\n\n<p>No obstante que \u201cISCAM\u201d utiliza la tecnolog\u00eda m\u00e1s avanzada para salvaguardar los datos que nos env\u00edas, existe la probabilidad de que pueda haber un defecto en la programaci\u00f3n de las aplicaciones que utilizamos, que permita el acceso forzado a la informaci\u00f3n. A\u00fan y cuando esta situaci\u00f3n se llegara a dar, tus datos est\u00e1n protegidos mediante procesos de cifrado avanzado que hacen imposible la recuperaci\u00f3n \u00fatil de la informaci\u00f3n por un tercero ajeno a \u201cISCAM\u201d. Nuestra garant\u00eda es hacer todo lo que razonablemente est\u00e9 a nuestro alcance para resguardar tus datos. <\/p>\n\n\n\n<h2 class=\"wp-block-heading\">9. Informaci\u00f3n de otros sitios<\/h2>\n\n\n\n<p>Debes tomar en cuenta que la informaci\u00f3n que alimentas en sitios ajenos a \u201cISCAM\u201d puede coincidir con aquella que has alimentado o alimentar\u00e1s en los formularios de \u201cISCAM\u201d. En consecuencia, debes estar consciente y ser responsable de tener el mismo cuidado que tienes con tu informaci\u00f3n en los sitios de \u201cISCAM\u201d, en los dem\u00e1s sitios en los que navegues o alimentes informaci\u00f3n de cualquier tipo.<br>10.Cambios en la pol\u00edticaEs posible que, eventualmente, se realicen cambios a la presente pol\u00edtica de privacidad. Te sugerimos visitar frecuentemente esta p\u00e1gina para estar al tanto de los posibles cambios o modificaciones que pudiera haber. No te preocupes, con todo y cambios, tu informaci\u00f3n estar\u00e1 segura con \u201cISCAM\u201d. <\/p>\n\n\n\n<h2 class=\"wp-block-heading\">10. Cambios en la pol\u00edtica<\/h2>\n\n\n\n<p>Es posible que, eventualmente, se realicen cambios a la presente pol\u00edtica de privacidad. Te sugerimos visitar frecuentemente esta p\u00e1gina para estar al tanto de los posibles cambios o modificaciones que pudiera haber. No te preocupes, con todo y cambios, tu informaci\u00f3n estar\u00e1 segura con \u201cISCAM\u201d. <\/p>\n\n\n\n<h2 class=\"wp-block-heading\">11. Contacto y Encargado<\/h2>\n\n\n\n<p>Si tienes alguna duda o preocupaci\u00f3n en relaci\u00f3n a la presente pol\u00edtica de privacidad o la forma en que manejamos los datos que nos proporcionas o recolectamos, por favor env\u00edanos un mensaje al Departamento de Soporte T\u00e9cnico que es el encargado de gestionar los datos recabados en nuestras bases. Para contactarlo, s\u00f3lo tienes que enviar un correo electr\u00f3nico a soporte.tecnico@iscam.com, Nuestro compromiso es contestarte en un plazo no mayor a 48 horas, salvo en caso de una excesiva carga de trabajo, caso fortuito o de fuerza mayor. <\/p>\n\n\n\n<h2 class=\"wp-block-heading\">12. Identidad y Domicilio convencional<\/h2>\n\n\n\n<p>Tus datos son tratados y resguardados por Consejeros Comerciales, S.A. de C.V. Nuestro domicilio convencional se ubica Privada 16 de Septiembre No. 2137, San Jer\u00f3nimo Chicahualco, C.P. 52170,Metepec Estado de M\u00e9xico. <\/p>\n\n\n\n<h2 class=\"wp-block-heading\">13. L\u00edmites en el uso o divulgaci\u00f3n de tus datos<\/h2>\n\n\n\n<p>Si en un momento dado deseas limitar el uso de tus datos por parte de \u201cISCAM\u201d, por ejemplo cancelar tu suscripci\u00f3n a una lista de noticias, pero deseas seguir utilizando los servicios del sitio o recibir otro tipo de comunicados, en el panel de control de tu cuenta puedes seleccionar, habilitar y deshabilitar los usos que, conforme a este aviso de privacidad, nos has autorizado. Te pedimos esperar cinco d\u00edas h\u00e1biles posteriores al cambio para que el mismo se vea reflejado. Esto quiere decir que en ese tiempo es probable que sigas recibiendo, de manera provisional, los comunicados deshabilitados. <\/p>\n\n\n\n<h2 class=\"wp-block-heading\">14. Transferencia de tus datos <\/h2>\n\n\n\n<p>Al aceptar el presente aviso de privacidad, autorizas a \u201cISCAM\u201d a transferir los datos que nos proporciones o aquellos que recolectemos, a sus socios comerciales. En todo momento, \u201cISCAM\u201d se asegurar\u00e1 de que sus socios comerciales conozcan el presente aviso de privacidad y se obliguen a acatarlo y respetarlo. <\/p>\n\n\n\n<h2 class=\"wp-block-heading\">15. Videovigilancia <\/h2>\n\n\n\n<p>Usted est\u00e1 siendo videograbado por las c\u00e1maras de seguridad de Consejeros Comerciales S.A. de C.V., con domicilio en Privada 16 de Septiembre no 2137, San Jer\u00f3nimo Chicahualco, Metepec Estado de M\u00e9xico. Las im\u00e1genes captadas por las c\u00e1maras de videovigilancia ser\u00e1n utilizadas para su seguridad y de las personas que nos visitan.<\/p>\n","protected":false},"excerpt":{"rendered":"<p>El presente aviso de privacidad regula la forma en que manejaremos los datos que nos proporciones y aquellos que, con fines estad\u00edsticos, recabemos cuando ingreses y utilices nuestros sitios. www.iscam.com es un sitio de Consejeros Comerciales, S.A de C.V. 1. De tus datos \u201cISCAM\u201d se compromete a no vender, intercambiar, transferir, compartir, publicar o difundir&hellip; <a class=\"more-link\" href=\"https:\/\/iscam.com\/en\/politica-privacidad\/\">Continue reading <span class=\"screen-reader-text\">Terms &amp; Conditions<\/span><\/a><\/p>\n","protected":false},"author":1,"featured_media":946,"parent":0,"menu_order":0,"comment_status":"closed","ping_status":"open","template":"page-legal.php","meta":{"_acf_changed":false,"_coblocks_attr":"","_coblocks_dimensions":"","_coblocks_responsive_height":"","_coblocks_accordion_ie_support":"","footnotes":""},"class_list":["post-430","page","type-page","status-publish","has-post-thumbnail","hentry","entry"],"acf":[],"_links":{"self":[{"href":"https:\/\/iscam.com\/en\/wp-json\/wp\/v2\/pages\/430","targetHints":{"allow":["GET"]}}],"collection":[{"href":"https:\/\/iscam.com\/en\/wp-json\/wp\/v2\/pages"}],"about":[{"href":"https:\/\/iscam.com\/en\/wp-json\/wp\/v2\/types\/page"}],"author":[{"embeddable":true,"href":"https:\/\/iscam.com\/en\/wp-json\/wp\/v2\/users\/1"}],"replies":[{"embeddable":true,"href":"https:\/\/iscam.com\/en\/wp-json\/wp\/v2\/comments?post=430"}],"version-history":[{"count":7,"href":"https:\/\/iscam.com\/en\/wp-json\/wp\/v2\/pages\/430\/revisions"}],"predecessor-version":[{"id":964,"href":"https:\/\/iscam.com\/en\/wp-json\/wp\/v2\/pages\/430\/revisions\/964"}],"wp:featuredmedia":[{"embeddable":true,"href":"https:\/\/iscam.com\/en\/wp-json\/wp\/v2\/media\/946"}],"wp:attachment":[{"href":"https:\/\/iscam.com\/en\/wp-json\/wp\/v2\/media?parent=430"}],"curies":[{"name":"wp","href":"https:\/\/api.w.org\/{rel}","templated":true}]}}